{"id":106,"date":"2017-04-12T18:23:11","date_gmt":"2017-04-12T18:23:11","guid":{"rendered":"https:\/\/www.bolellimetal.com\/?page_id=106"},"modified":"2017-05-14T17:42:27","modified_gmt":"2017-05-14T17:42:27","slug":"tungsten-karbur","status":"publish","type":"page","link":"https:\/\/www.bolellimetal.com\/en\/tungsten-karbur\/","title":{"rendered":"Tungsten (Carbide)"},"content":{"rendered":"<p>[vc_row][vc_column][vc_column_text css=&#8221;.vc_custom_1494783742044{margin-top: 40px !important;margin-bottom: 40px !important;}&#8221;]<\/p>\n<h2>Tungsten (Carbide)<\/h2>\n<p>Tungsten is one of the transition metals which is very hard, heavy, in steel gray or white color and is found in mines containing wolframite and scheelite. Tungsten sa\u011flam fiziksel yap\u0131s\u0131 ve ala\u015f\u0131m olmayan maddeler aras\u0131nda y\u00fcksek erime s\u0131cakl\u0131\u011f\u0131 olan \u00f6nemli bir maddedir. It does not exist in metallic form in the nature.<\/p>\n<p>It is obtained as a by-product during processing of copper and wolfram.<\/p>\n<p>Metallic molybdenum is generally obtained by melting the molybdenum powder obtained by reducing molybdenum oxide or ammonium molybdate with hydrogen. tungsten, abrasives which are used to make abrasion resistant carbides used in the production of hard materials. Current tungsten consumption areas are cutters, knives, drills, circular saws, milling machines and lathes metal processing.[\/vc_column_text][\/vc_column][\/vc_row]<\/p>","protected":false},"excerpt":{"rendered":"<p>[vc_row][vc_column][vc_column_text css=&#8221;.vc_custom_1494783742044{margin-top: 40px !important;margin-bottom: 40px !important;}&#8221;] Tungsten (Carbide) Tungsten is one of the transition metals which is very hard, heavy, in steel gray or white color and is found in mines containing wolframite and scheelite. Tungsten sa\u011flam fiziksel yap\u0131s\u0131 ve ala\u015f\u0131m olmayan maddeler aras\u0131nda y\u00fcksek erime s\u0131cakl\u0131\u011f\u0131 olan \u00f6nemli bir maddedir. It does not exist [&hellip;]<\/p>\n","protected":false},"author":1,"featured_media":0,"parent":0,"menu_order":0,"comment_status":"closed","ping_status":"closed","template":"","meta":{"footnotes":""},"class_list":["post-106","page","type-page","status-publish","hentry"],"_links":{"self":[{"href":"https:\/\/www.bolellimetal.com\/en\/wp-json\/wp\/v2\/pages\/106","targetHints":{"allow":["GET"]}}],"collection":[{"href":"https:\/\/www.bolellimetal.com\/en\/wp-json\/wp\/v2\/pages"}],"about":[{"href":"https:\/\/www.bolellimetal.com\/en\/wp-json\/wp\/v2\/types\/page"}],"author":[{"embeddable":true,"href":"https:\/\/www.bolellimetal.com\/en\/wp-json\/wp\/v2\/users\/1"}],"replies":[{"embeddable":true,"href":"https:\/\/www.bolellimetal.com\/en\/wp-json\/wp\/v2\/comments?post=106"}],"version-history":[{"count":3,"href":"https:\/\/www.bolellimetal.com\/en\/wp-json\/wp\/v2\/pages\/106\/revisions"}],"predecessor-version":[{"id":261,"href":"https:\/\/www.bolellimetal.com\/en\/wp-json\/wp\/v2\/pages\/106\/revisions\/261"}],"wp:attachment":[{"href":"https:\/\/www.bolellimetal.com\/en\/wp-json\/wp\/v2\/media?parent=106"}],"curies":[{"name":"wp","href":"https:\/\/api.w.org\/{rel}","templated":true}]}}