{"id":101,"date":"2017-04-12T18:20:48","date_gmt":"2017-04-12T18:20:48","guid":{"rendered":"https:\/\/www.bolellimetal.com\/?page_id=101"},"modified":"2017-04-12T18:20:48","modified_gmt":"2017-04-12T18:20:48","slug":"geri-donusumun-faydalari","status":"publish","type":"page","link":"https:\/\/www.bolellimetal.com\/en\/geri-donusumun-faydalari\/","title":{"rendered":"Geri D\u00f6n\u00fc\u015f\u00fcm\u00fcn Faydalar\u0131"},"content":{"rendered":"<p>[vc_row css=&#8221;.vc_custom_1479860312790{margin-top: 40px !important;margin-bottom: 40px !important;}&#8221;][vc_column][vc_column_text]Yeniden de\u011ferlendirilme imkan\u0131 olan at\u0131klar\u0131n \u00e7e\u015fitli fiziksel ve\/veya kimyasal i\u015flemlerden ge\u00e7irilerek ikincil ham maddeye d\u00f6n\u00fc\u015ft\u00fcr\u00fclerek tekrar \u00fcretim s\u00fcrecine dahil edilmesine geri d\u00f6n\u00fc\u015f\u00fcm denir. Di\u011fer bir tan\u0131mlamayla herhangi bir \u015fekilde kullan\u0131larak kullan\u0131m d\u0131\u015f\u0131 kalan geri d\u00f6n\u00fc\u015ft\u00fcr\u00fclebilir at\u0131k malzemelerin \u00e7e\u015fitli geri d\u00f6n\u00fc\u015f\u00fcm y\u00f6ntemleri ile ham madde olarak tekrar imalat s\u00fcre\u00e7lerine kazand\u0131r\u0131lmas\u0131 olarak tan\u0131mlanabilir.<\/p>\n<p>Tabii kaynaklar\u0131n sonsuz olmad\u0131\u011f\u0131, dikkatlice kullan\u0131lmad\u0131\u011f\u0131 takdirde bir g\u00fcn bu do\u011fal kaynaklar\u0131n t\u00fckenece\u011fi a\u0131ldan \u00e7\u0131kar\u0131lmamal\u0131d\u0131r.<\/p>\n<p>Bu durumu fark\u0131na varan \u00fclke ve \u00fcreticiler kaynak israf\u0131n\u0131 \u00f6nlemek ve ortaya \u00e7\u0131kabilecek enerji krizleri ile ba\u015fd ebilmek i\u00e7in at\u0131klar\u0131n geri d\u00f6n\u00fc\u015ft\u00fcr\u00fclmesi ve tekrar kullan\u0131lmas\u0131 i\u00e7in \u00e7e\u015fitli y\u00f6ntemler aram\u0131\u015f ve geli\u015ftirmi\u015flerdir.<\/p>\n<p>Kalk\u0131nma \u00e7abas\u0131nda olan ve ekonomik zorluklarla kar\u015f\u0131 kar\u015f\u0131ya bulunan geli\u015fmekte olan \u00fclkelerin de tabii kaynaklar\u0131ndan uzun vadede ve maksimum bir \u015fekilde faydalanabilmeleri i\u00e7in at\u0131k israf\u0131na son vermeleri, ekonomik de\u011feri olan maddeleri geri d\u00f6n\u00fc\u015f\u00fcme ve tekrar kullanma y\u00f6ntemlerini uygulamalar\u0131 gerekmektedir.[\/vc_column_text][\/vc_column][\/vc_row]<\/p>\n","protected":false},"excerpt":{"rendered":"<p>[vc_row css=&#8221;.vc_custom_1479860312790{margin-top: 40px !important;margin-bottom: 40px !important;}&#8221;][vc_column][vc_column_text]Yeniden de\u011ferlendirilme imkan\u0131 olan at\u0131klar\u0131n \u00e7e\u015fitli fiziksel ve\/veya kimyasal i\u015flemlerden ge\u00e7irilerek ikincil ham maddeye d\u00f6n\u00fc\u015ft\u00fcr\u00fclerek tekrar \u00fcretim s\u00fcrecine dahil edilmesine geri d\u00f6n\u00fc\u015f\u00fcm denir. Di\u011fer bir tan\u0131mlamayla herhangi bir \u015fekilde kullan\u0131larak kullan\u0131m d\u0131\u015f\u0131 kalan geri d\u00f6n\u00fc\u015ft\u00fcr\u00fclebilir at\u0131k malzemelerin \u00e7e\u015fitli geri d\u00f6n\u00fc\u015f\u00fcm y\u00f6ntemleri ile ham madde olarak tekrar imalat s\u00fcre\u00e7lerine kazand\u0131r\u0131lmas\u0131 olarak [&hellip;]<\/p>\n","protected":false},"author":1,"featured_media":0,"parent":0,"menu_order":0,"comment_status":"closed","ping_status":"closed","template":"","meta":{"footnotes":""},"class_list":["post-101","page","type-page","status-publish","hentry"],"_links":{"self":[{"href":"https:\/\/www.bolellimetal.com\/en\/wp-json\/wp\/v2\/pages\/101","targetHints":{"allow":["GET"]}}],"collection":[{"href":"https:\/\/www.bolellimetal.com\/en\/wp-json\/wp\/v2\/pages"}],"about":[{"href":"https:\/\/www.bolellimetal.com\/en\/wp-json\/wp\/v2\/types\/page"}],"author":[{"embeddable":true,"href":"https:\/\/www.bolellimetal.com\/en\/wp-json\/wp\/v2\/users\/1"}],"replies":[{"embeddable":true,"href":"https:\/\/www.bolellimetal.com\/en\/wp-json\/wp\/v2\/comments?post=101"}],"version-history":[{"count":1,"href":"https:\/\/www.bolellimetal.com\/en\/wp-json\/wp\/v2\/pages\/101\/revisions"}],"predecessor-version":[{"id":102,"href":"https:\/\/www.bolellimetal.com\/en\/wp-json\/wp\/v2\/pages\/101\/revisions\/102"}],"wp:attachment":[{"href":"https:\/\/www.bolellimetal.com\/en\/wp-json\/wp\/v2\/media?parent=101"}],"curies":[{"name":"wp","href":"https:\/\/api.w.org\/{rel}","templated":true}]}}